{"id":82,"date":"2024-03-02T13:27:47","date_gmt":"2024-03-02T12:27:47","guid":{"rendered":"https:\/\/masazedomecek.cz\/?page_id=82"},"modified":"2024-03-03T00:38:29","modified_gmt":"2024-03-02T23:38:29","slug":"hlavni-stranka","status":"publish","type":"page","link":"https:\/\/masazedomecek.cz\/","title":{"rendered":"Hlavn\u00ed str\u00e1nka"},"content":{"rendered":"<h1 style=\"text-align: center;\">Mas\u00e1\u017ee dome\u010dek<\/h1>\n<h2 style=\"text-align: center;\">+420 603 387 410 \/ PO-P\u00c1 10:00 \u2013 20:00<\/h2>\n<h3 style=\"text-align: center;\"><\/h3>\n<div><\/div>\n","protected":false},"excerpt":{"rendered":"<p>Mas\u00e1\u017ee dome\u010dek +420 603 387 410 \/ PO-P\u00c1 10:00 \u2013 20:00<\/p>\n","protected":false},"author":1,"featured_media":0,"parent":0,"menu_order":0,"comment_status":"closed","ping_status":"closed","template":"","meta":{"footnotes":""},"class_list":["post-82","page","type-page","status-publish","hentry"],"_links":{"self":[{"href":"https:\/\/masazedomecek.cz\/index.php?rest_route=\/wp\/v2\/pages\/82","targetHints":{"allow":["GET"]}}],"collection":[{"href":"https:\/\/masazedomecek.cz\/index.php?rest_route=\/wp\/v2\/pages"}],"about":[{"href":"https:\/\/masazedomecek.cz\/index.php?rest_route=\/wp\/v2\/types\/page"}],"author":[{"embeddable":true,"href":"https:\/\/masazedomecek.cz\/index.php?rest_route=\/wp\/v2\/users\/1"}],"replies":[{"embeddable":true,"href":"https:\/\/masazedomecek.cz\/index.php?rest_route=%2Fwp%2Fv2%2Fcomments&post=82"}],"version-history":[{"count":0,"href":"https:\/\/masazedomecek.cz\/index.php?rest_route=\/wp\/v2\/pages\/82\/revisions"}],"wp:attachment":[{"href":"https:\/\/masazedomecek.cz\/index.php?rest_route=%2Fwp%2Fv2%2Fmedia&parent=82"}],"curies":[{"name":"wp","href":"https:\/\/api.w.org\/{rel}","templated":true}]}}